{"id":1521,"date":"2019-05-02T10:22:57","date_gmt":"2019-05-02T07:22:57","guid":{"rendered":"http:\/\/www.technomac.ee\/partnerid\/"},"modified":"2019-12-27T19:33:24","modified_gmt":"2019-12-27T17:33:24","slug":"partners","status":"publish","type":"page","link":"https:\/\/technomac.ee\/en\/partners\/","title":{"rendered":"Partners"},"content":{"rendered":"\n<style type=\"text\/css\" data-created_by=\"avia_inline_auto\" id=\"style-css-av-ckp7k-b3672c5568901aaf106c8c884420b7a6\">\n.flex_column.av-ckp7k-b3672c5568901aaf106c8c884420b7a6{\nborder-radius:0px 0px 0px 0px;\npadding:0px 0px 0px 0px;\n}\n<\/style>\n<div  class='flex_column av-ckp7k-b3672c5568901aaf106c8c884420b7a6 av_one_full  avia-builder-el-0  avia-builder-el-no-sibling  first flex_column_div av-zero-column-padding  '     ><p>\n<style type=\"text\/css\" data-created_by=\"avia_inline_auto\" id=\"style-css-av-k4ofm7os-ed101b1fe9482c2aa152dcfe4cd113e1\">\n#top .av-special-heading.av-k4ofm7os-ed101b1fe9482c2aa152dcfe4cd113e1{\npadding-bottom:10px;\n}\nbody .av-special-heading.av-k4ofm7os-ed101b1fe9482c2aa152dcfe4cd113e1 .av-special-heading-tag .heading-char{\nfont-size:25px;\n}\n.av-special-heading.av-k4ofm7os-ed101b1fe9482c2aa152dcfe4cd113e1 .av-subheading{\nfont-size:15px;\n}\n<\/style>\n<div  class='av-special-heading av-k4ofm7os-ed101b1fe9482c2aa152dcfe4cd113e1 av-special-heading-h1 blockquote modern-quote  avia-builder-el-1  el_before_av_textblock  avia-builder-el-first '><h1 class='av-special-heading-tag'  itemprop=\"headline\"  >Partners<\/h1><div class=\"special-heading-border\"><div class=\"special-heading-inner-border\"><\/div><\/div><\/div><br \/>\n<section  class='av_textblock_section av-jq5krskz-ba6b82375879a604c209ed679afa7bb2 '   itemscope=\"itemscope\" itemtype=\"https:\/\/schema.org\/CreativeWork\" ><div class='avia_textblock'  itemprop=\"text\" ><p>Our company wants to be a reliable partner to all our suppliers.<\/p>\n<\/div><\/section><br \/>\n\n<style type=\"text\/css\" data-created_by=\"avia_inline_auto\" id=\"style-css-av-k4ofmdhg-0c1bc2be9cdcd76a6b71e31b1dcd35ed\">\n#top .av-special-heading.av-k4ofmdhg-0c1bc2be9cdcd76a6b71e31b1dcd35ed{\npadding-bottom:10px;\n}\nbody .av-special-heading.av-k4ofmdhg-0c1bc2be9cdcd76a6b71e31b1dcd35ed .av-special-heading-tag .heading-char{\nfont-size:25px;\n}\n.av-special-heading.av-k4ofmdhg-0c1bc2be9cdcd76a6b71e31b1dcd35ed .av-subheading{\nfont-size:15px;\n}\n<\/style>\n<div  class='av-special-heading av-k4ofmdhg-0c1bc2be9cdcd76a6b71e31b1dcd35ed av-special-heading-h3 blockquote modern-quote  avia-builder-el-3  el_after_av_textblock  el_before_av_hr '><h3 class='av-special-heading-tag'  itemprop=\"headline\"  >Our main cooperation partners are:<\/h3><div class=\"special-heading-border\"><div class=\"special-heading-inner-border\"><\/div><\/div><\/div><br \/>\n\n<style type=\"text\/css\" data-created_by=\"avia_inline_auto\" id=\"style-css-av-jryxh74s-8e20e1d12ab1a1058ce5fed7f9de0259\">\n#top .hr.hr-invisible.av-jryxh74s-8e20e1d12ab1a1058ce5fed7f9de0259{\nheight:35px;\n}\n<\/style>\n<div  class='hr av-jryxh74s-8e20e1d12ab1a1058ce5fed7f9de0259 hr-invisible  avia-builder-el-4  el_after_av_heading  el_before_av_codeblock '><span class='hr-inner '><span class=\"hr-inner-style\"><\/span><\/span><\/div><br \/>\n<br \/>\n\n<style type=\"text\/css\" data-created_by=\"avia_inline_auto\" id=\"style-css-av-jryxh74s-fd54719378c257aaa673d2c47b1d7e22\">\n#top .hr.hr-invisible.av-jryxh74s-fd54719378c257aaa673d2c47b1d7e22{\nheight:20px;\n}\n<\/style>\n<div  class='hr av-jryxh74s-fd54719378c257aaa673d2c47b1d7e22 hr-invisible  avia-builder-el-6  el_after_av_codeblock  el_before_av_textblock '><span class='hr-inner '><span class=\"hr-inner-style\"><\/span><\/span><\/div><br \/>\n<section  class='av_textblock_section av-jq5krskz-ba6b82375879a604c209ed679afa7bb2 '   itemscope=\"itemscope\" itemtype=\"https:\/\/schema.org\/CreativeWork\" ><div class='avia_textblock'  itemprop=\"text\" ><p>We have also partners in the field of mechanization, waste removal, second hand machinery and special machinery.<\/p>\n<p>We are still looking for new partners in some special fields &#8211; if you are interested to be our partner , please contact us.<\/p>\n<\/div><\/section><\/p><\/div>\n","protected":false},"excerpt":{"rendered":"","protected":false},"author":1,"featured_media":0,"parent":0,"menu_order":0,"comment_status":"closed","ping_status":"closed","template":"","meta":{"footnotes":""},"class_list":["post-1521","page","type-page","status-publish","hentry"],"yoast_head":"<!-- This site is optimized with the Yoast SEO plugin v27.1.1 - https:\/\/yoast.com\/product\/yoast-seo-wordpress\/ -->\n<title>Partners - Technomac O\u00dc<\/title>\n<meta name=\"robots\" content=\"index, follow, max-snippet:-1, max-image-preview:large, max-video-preview:-1\" \/>\n<link rel=\"canonical\" href=\"https:\/\/technomac.ee\/en\/partners\/\" \/>\n<meta property=\"og:locale\" content=\"en_US\" \/>\n<meta property=\"og:type\" content=\"article\" \/>\n<meta property=\"og:title\" content=\"Partners - Technomac O\u00dc\" \/>\n<meta property=\"og:url\" content=\"https:\/\/technomac.ee\/en\/partners\/\" \/>\n<meta property=\"og:site_name\" content=\"Technomac O\u00dc\" \/>\n<meta property=\"article:modified_time\" content=\"2019-12-27T17:33:24+00:00\" \/>\n<meta name=\"twitter:card\" content=\"summary_large_image\" \/>\n<meta name=\"twitter:label1\" content=\"Est. reading time\" \/>\n\t<meta name=\"twitter:data1\" content=\"2 minutes\" \/>\n<script type=\"application\/ld+json\" class=\"yoast-schema-graph\">{\"@context\":\"https:\/\/schema.org\",\"@graph\":[{\"@type\":\"WebPage\",\"@id\":\"https:\/\/technomac.ee\/en\/partners\/\",\"url\":\"https:\/\/technomac.ee\/en\/partners\/\",\"name\":\"Partners - Technomac O\u00dc\",\"isPartOf\":{\"@id\":\"https:\/\/technomac.ee\/#website\"},\"datePublished\":\"2019-05-02T07:22:57+00:00\",\"dateModified\":\"2019-12-27T17:33:24+00:00\",\"breadcrumb\":{\"@id\":\"https:\/\/technomac.ee\/en\/partners\/#breadcrumb\"},\"inLanguage\":\"en-US\",\"potentialAction\":[{\"@type\":\"ReadAction\",\"target\":[\"https:\/\/technomac.ee\/en\/partners\/\"]}]},{\"@type\":\"BreadcrumbList\",\"@id\":\"https:\/\/technomac.ee\/en\/partners\/#breadcrumb\",\"itemListElement\":[{\"@type\":\"ListItem\",\"position\":1,\"name\":\"Home\",\"item\":\"https:\/\/technomac.ee\/en\/home\/\"},{\"@type\":\"ListItem\",\"position\":2,\"name\":\"Partners\"}]},{\"@type\":\"WebSite\",\"@id\":\"https:\/\/technomac.ee\/#website\",\"url\":\"https:\/\/technomac.ee\/\",\"name\":\"Technomac O\u00dc\",\"description\":\"Puidu-ja m\u00f6\u00f6blit\u00f6\u00f6stuse seadmed\",\"publisher\":{\"@id\":\"https:\/\/technomac.ee\/#organization\"},\"potentialAction\":[{\"@type\":\"SearchAction\",\"target\":{\"@type\":\"EntryPoint\",\"urlTemplate\":\"https:\/\/technomac.ee\/?s={search_term_string}\"},\"query-input\":{\"@type\":\"PropertyValueSpecification\",\"valueRequired\":true,\"valueName\":\"search_term_string\"}}],\"inLanguage\":\"en-US\"},{\"@type\":\"Organization\",\"@id\":\"https:\/\/technomac.ee\/#organization\",\"name\":\"Technomac O\u00dc\",\"url\":\"https:\/\/technomac.ee\/\",\"logo\":{\"@type\":\"ImageObject\",\"inLanguage\":\"en-US\",\"@id\":\"https:\/\/technomac.ee\/#\/schema\/logo\/image\/\",\"url\":\"https:\/\/technomac.ee\/wp-content\/uploads\/2019\/01\/logo3.png\",\"contentUrl\":\"https:\/\/technomac.ee\/wp-content\/uploads\/2019\/01\/logo3.png\",\"width\":580,\"height\":111,\"caption\":\"Technomac O\u00dc\"},\"image\":{\"@id\":\"https:\/\/technomac.ee\/#\/schema\/logo\/image\/\"}}]}<\/script>\n<!-- \/ Yoast SEO plugin. -->","yoast_head_json":{"title":"Partners - Technomac O\u00dc","robots":{"index":"index","follow":"follow","max-snippet":"max-snippet:-1","max-image-preview":"max-image-preview:large","max-video-preview":"max-video-preview:-1"},"canonical":"https:\/\/technomac.ee\/en\/partners\/","og_locale":"en_US","og_type":"article","og_title":"Partners - Technomac O\u00dc","og_url":"https:\/\/technomac.ee\/en\/partners\/","og_site_name":"Technomac O\u00dc","article_modified_time":"2019-12-27T17:33:24+00:00","twitter_card":"summary_large_image","twitter_misc":{"Est. reading time":"2 minutes"},"schema":{"@context":"https:\/\/schema.org","@graph":[{"@type":"WebPage","@id":"https:\/\/technomac.ee\/en\/partners\/","url":"https:\/\/technomac.ee\/en\/partners\/","name":"Partners - Technomac O\u00dc","isPartOf":{"@id":"https:\/\/technomac.ee\/#website"},"datePublished":"2019-05-02T07:22:57+00:00","dateModified":"2019-12-27T17:33:24+00:00","breadcrumb":{"@id":"https:\/\/technomac.ee\/en\/partners\/#breadcrumb"},"inLanguage":"en-US","potentialAction":[{"@type":"ReadAction","target":["https:\/\/technomac.ee\/en\/partners\/"]}]},{"@type":"BreadcrumbList","@id":"https:\/\/technomac.ee\/en\/partners\/#breadcrumb","itemListElement":[{"@type":"ListItem","position":1,"name":"Home","item":"https:\/\/technomac.ee\/en\/home\/"},{"@type":"ListItem","position":2,"name":"Partners"}]},{"@type":"WebSite","@id":"https:\/\/technomac.ee\/#website","url":"https:\/\/technomac.ee\/","name":"Technomac O\u00dc","description":"Puidu-ja m\u00f6\u00f6blit\u00f6\u00f6stuse seadmed","publisher":{"@id":"https:\/\/technomac.ee\/#organization"},"potentialAction":[{"@type":"SearchAction","target":{"@type":"EntryPoint","urlTemplate":"https:\/\/technomac.ee\/?s={search_term_string}"},"query-input":{"@type":"PropertyValueSpecification","valueRequired":true,"valueName":"search_term_string"}}],"inLanguage":"en-US"},{"@type":"Organization","@id":"https:\/\/technomac.ee\/#organization","name":"Technomac O\u00dc","url":"https:\/\/technomac.ee\/","logo":{"@type":"ImageObject","inLanguage":"en-US","@id":"https:\/\/technomac.ee\/#\/schema\/logo\/image\/","url":"https:\/\/technomac.ee\/wp-content\/uploads\/2019\/01\/logo3.png","contentUrl":"https:\/\/technomac.ee\/wp-content\/uploads\/2019\/01\/logo3.png","width":580,"height":111,"caption":"Technomac O\u00dc"},"image":{"@id":"https:\/\/technomac.ee\/#\/schema\/logo\/image\/"}}]}},"_links":{"self":[{"href":"https:\/\/technomac.ee\/en\/wp-json\/wp\/v2\/pages\/1521","targetHints":{"allow":["GET"]}}],"collection":[{"href":"https:\/\/technomac.ee\/en\/wp-json\/wp\/v2\/pages"}],"about":[{"href":"https:\/\/technomac.ee\/en\/wp-json\/wp\/v2\/types\/page"}],"author":[{"embeddable":true,"href":"https:\/\/technomac.ee\/en\/wp-json\/wp\/v2\/users\/1"}],"replies":[{"embeddable":true,"href":"https:\/\/technomac.ee\/en\/wp-json\/wp\/v2\/comments?post=1521"}],"version-history":[{"count":2,"href":"https:\/\/technomac.ee\/en\/wp-json\/wp\/v2\/pages\/1521\/revisions"}],"predecessor-version":[{"id":1523,"href":"https:\/\/technomac.ee\/en\/wp-json\/wp\/v2\/pages\/1521\/revisions\/1523"}],"wp:attachment":[{"href":"https:\/\/technomac.ee\/en\/wp-json\/wp\/v2\/media?parent=1521"}],"curies":[{"name":"wp","href":"https:\/\/api.w.org\/{rel}","templated":true}]}}