{"id":1515,"date":"2016-07-15T14:19:56","date_gmt":"2016-07-15T14:19:56","guid":{"rendered":"http:\/\/www.technomac.ee\/kontakt\/"},"modified":"2024-10-29T12:27:13","modified_gmt":"2024-10-29T10:27:13","slug":"contact","status":"publish","type":"page","link":"https:\/\/technomac.ee\/en\/contact\/","title":{"rendered":"Contact"},"content":{"rendered":"<div id='av-layout-grid-1'  class='av-layout-grid-container av-3znmz6-f261ea6a19a67a36367cd24bf4acbbb7 entry-content-wrapper main_color av-fixed-cells  avia-builder-el-0  el_before_av_section  avia-builder-el-first   container_wrap sidebar_left'  >\n\n<style type=\"text\/css\" data-created_by=\"avia_inline_auto\" id=\"style-css-av-3tm3yi-dad4a5293462e847f9e3fbcd0e7ee1ef\">\n.flex_cell.av-3tm3yi-dad4a5293462e847f9e3fbcd0e7ee1ef{\nvertical-align:top;\nbackground-color:#2388c2;\n}\n.responsive #top #wrap_all .flex_cell.av-3tm3yi-dad4a5293462e847f9e3fbcd0e7ee1ef{\npadding:9px 0px 0px 0px !important;\n}\n<\/style>\n<div class='flex_cell av-3tm3yi-dad4a5293462e847f9e3fbcd0e7ee1ef av-gridrow-cell av_one_half no_margin  avia-builder-el-1  el_before_av_cell_one_half  avia-builder-el-first '  ><div class='flex_cell_inner'><\/div><\/div>\n<style type=\"text\/css\" data-created_by=\"avia_inline_auto\" id=\"style-css-av-3oe4ze-a22eeeb78c1937874b12297651a5b323\">\n.flex_cell.av-3oe4ze-a22eeeb78c1937874b12297651a5b323{\nvertical-align:top;\nbackground-color:#5fb4e4;\n}\n.responsive #top #wrap_all .flex_cell.av-3oe4ze-a22eeeb78c1937874b12297651a5b323{\npadding:9px 0px 0px 0px !important;\n}\n<\/style>\n<div class='flex_cell av-3oe4ze-a22eeeb78c1937874b12297651a5b323 av-gridrow-cell av_one_half no_margin  avia-builder-el-2  el_after_av_cell_one_half  avia-builder-el-last '  ><div class='flex_cell_inner'><\/div><\/div>\n<\/div>\n<div id='av_section_1'  class='avia-section av-3l6hei-2668c288c7033cfbd79b01ac6249351d main_color avia-section-default avia-no-border-styling  avia-builder-el-3  el_after_av_layout_row  avia-builder-el-last  avia-bg-style-scroll container_wrap sidebar_left'  ><div class='container av-section-cont-open' ><div class='template-page content  av-content-small units'><div class='post-entry post-entry-type-page post-entry-1515'><div class='entry-content-wrapper clearfix'>\n\n<style type=\"text\/css\" data-created_by=\"avia_inline_auto\" id=\"style-css-av-2aeuai-c97da7fe26da5abaa7f262ec83eeea2b\">\n.flex_column.av-2aeuai-c97da7fe26da5abaa7f262ec83eeea2b{\nborder-radius:0px 0px 0px 0px;\npadding:0px 0px 0px 0px;\n}\n<\/style>\n<div  class='flex_column av-2aeuai-c97da7fe26da5abaa7f262ec83eeea2b av_one_half  avia-builder-el-4  el_before_av_one_half  avia-builder-el-first  first flex_column_div av-animated-generic bottom-to-top av-zero-column-padding  '     ><p>\n<style type=\"text\/css\" data-created_by=\"avia_inline_auto\" id=\"style-css-av-4huxor-c50a539ac25a06719e3d7a52abf82a80\">\n#top .av-special-heading.av-4huxor-c50a539ac25a06719e3d7a52abf82a80{\npadding-bottom:20px;\nfont-size:34px;\n}\nbody .av-special-heading.av-4huxor-c50a539ac25a06719e3d7a52abf82a80 .av-special-heading-tag .heading-char{\nfont-size:25px;\n}\n#top #wrap_all .av-special-heading.av-4huxor-c50a539ac25a06719e3d7a52abf82a80 .av-special-heading-tag{\nfont-size:34px;\n}\n.av-special-heading.av-4huxor-c50a539ac25a06719e3d7a52abf82a80 .av-subheading{\nfont-size:15px;\n}\n\n@media only screen and (min-width: 480px) and (max-width: 767px){ \n#top #wrap_all .av-special-heading.av-4huxor-c50a539ac25a06719e3d7a52abf82a80 .av-special-heading-tag{\nfont-size:0.8em;\n}\n}\n\n@media only screen and (max-width: 479px){ \n#top #wrap_all .av-special-heading.av-4huxor-c50a539ac25a06719e3d7a52abf82a80 .av-special-heading-tag{\nfont-size:0.8em;\n}\n}\n<\/style>\n<div  class='av-special-heading av-4huxor-c50a539ac25a06719e3d7a52abf82a80 av-special-heading-h3 blockquote modern-quote  avia-builder-el-5  el_before_av_textblock  avia-builder-el-first  av-inherit-size'><h3 class='av-special-heading-tag'  itemprop=\"headline\"  >Contact us<\/h3><div class=\"special-heading-border\"><div class=\"special-heading-inner-border\"><\/div><\/div><\/div><br \/>\n<section  class='av_textblock_section av-hrf96-50381d4b57669c285d4ee79e0a90139c '   itemscope=\"itemscope\" itemtype=\"https:\/\/schema.org\/CreativeWork\" ><div class='avia_textblock'  itemprop=\"text\" ><h3>Technomac O\u00dc<\/h3>\n<p>Reg.nr. 12009302<br \/>\nVAT nr. EE 101404330<\/p>\n<p>CEO: Priit Pajos<br \/>\nGSM: <a href=\"tel:+3725115891\">(+372) 51 15 891<\/a><br \/>\nE-mail: info[at]technomac.ee<\/p>\n<\/div><\/section><br \/>\n<section  class='av_textblock_section av-hrf96-2-baded5ca95a2f8a921f1cbd931194921 '   itemscope=\"itemscope\" itemtype=\"https:\/\/schema.org\/CreativeWork\" ><div class='avia_textblock'  itemprop=\"text\" >\n<div class=\"wpcf7 no-js\" id=\"wpcf7-f1530-o1\" lang=\"et\" dir=\"ltr\" data-wpcf7-id=\"1530\">\n<div class=\"screen-reader-response\"><p role=\"status\" aria-live=\"polite\" aria-atomic=\"true\"><\/p> <ul><\/ul><\/div>\n<form action=\"\/en\/wp-json\/wp\/v2\/pages\/1515#wpcf7-f1530-o1\" method=\"post\" class=\"wpcf7-form init\" aria-label=\"Contact form\" novalidate=\"novalidate\" data-status=\"init\">\n<fieldset class=\"hidden-fields-container\"><input type=\"hidden\" name=\"_wpcf7\" value=\"1530\" \/><input type=\"hidden\" name=\"_wpcf7_version\" value=\"6.1.5\" \/><input type=\"hidden\" name=\"_wpcf7_locale\" value=\"et\" \/><input type=\"hidden\" name=\"_wpcf7_unit_tag\" value=\"wpcf7-f1530-o1\" \/><input type=\"hidden\" name=\"_wpcf7_container_post\" value=\"0\" \/><input type=\"hidden\" name=\"_wpcf7_posted_data_hash\" value=\"\" \/><input type=\"hidden\" name=\"_wpcf7_recaptcha_response\" value=\"\" \/>\n<\/fieldset>\n<div class=\"wpcf7-response-output\" aria-hidden=\"true\"><\/div>\n<p><label> Your name<br \/>\n<span class=\"wpcf7-form-control-wrap\" data-name=\"your-name\"><input size=\"40\" maxlength=\"400\" class=\"wpcf7-form-control wpcf7-text wpcf7-validates-as-required\" aria-required=\"true\" aria-invalid=\"false\" value=\"\" type=\"text\" name=\"your-name\" \/><\/span> <\/label><br \/>\n<label> E-mail<br \/>\n<span class=\"wpcf7-form-control-wrap\" data-name=\"your-email\"><input size=\"40\" maxlength=\"400\" class=\"wpcf7-form-control wpcf7-email wpcf7-validates-as-required wpcf7-text wpcf7-validates-as-email\" aria-required=\"true\" aria-invalid=\"false\" value=\"\" type=\"email\" name=\"your-email\" \/><\/span> <\/label><br \/>\n<label> Phone<br \/>\n<span class=\"wpcf7-form-control-wrap\" data-name=\"your-phone\"><input size=\"40\" maxlength=\"400\" class=\"wpcf7-form-control wpcf7-text\" aria-invalid=\"false\" value=\"\" type=\"text\" name=\"your-phone\" \/><\/span> <\/label><br \/>\n<label> Message<br \/>\n<span class=\"wpcf7-form-control-wrap\" data-name=\"your-message\"><textarea cols=\"40\" rows=\"10\" maxlength=\"2000\" class=\"wpcf7-form-control wpcf7-textarea\" aria-invalid=\"false\" name=\"your-message\"><\/textarea><\/span> <\/label><br \/>\n<span id=\"wpcf7-69e4c6e02aab5-wrapper\" class=\"wpcf7-form-control-wrap honeypot-695-wrap\" style=\"display:none !important; visibility:hidden !important;\"><label for=\"wpcf7-69e4c6e02aab5-field\" class=\"hp-message\">Please leave this field empty.<\/label><input id=\"wpcf7-69e4c6e02aab5-field\"  class=\"wpcf7-form-control wpcf7-text\" type=\"text\" name=\"honeypot-695\" value=\"\" size=\"40\" tabindex=\"-1\" autocomplete=\"new-password\" \/><\/span><br \/>\n<input class=\"wpcf7-form-control wpcf7-submit has-spinner\" type=\"submit\" value=\"Send\" \/>\n<\/p>\n<\/form>\n<\/div>\n\n<\/div><\/section><\/p><\/div>\n<style type=\"text\/css\" data-created_by=\"avia_inline_auto\" id=\"style-css-av-2rmdu-6ba2d797a6b373f7cbf42c11d2765b0b\">\n.flex_column.av-2rmdu-6ba2d797a6b373f7cbf42c11d2765b0b{\nborder-radius:0px 0px 0px 0px;\npadding:0px 0px 0px 0px;\n}\n<\/style>\n<div  class='flex_column av-2rmdu-6ba2d797a6b373f7cbf42c11d2765b0b av_one_half  avia-builder-el-8  el_after_av_one_half  avia-builder-el-last  flex_column_div av-animated-generic bottom-to-top av-zero-column-padding  '     ><p>\n<style type=\"text\/css\" data-created_by=\"avia_inline_auto\" id=\"style-css-av-36kwjf-bc8e5397e0029357368a2c07fdba3b85\">\n#top .av-special-heading.av-36kwjf-bc8e5397e0029357368a2c07fdba3b85{\npadding-bottom:20px;\nfont-size:34px;\n}\nbody .av-special-heading.av-36kwjf-bc8e5397e0029357368a2c07fdba3b85 .av-special-heading-tag .heading-char{\nfont-size:25px;\n}\n#top #wrap_all .av-special-heading.av-36kwjf-bc8e5397e0029357368a2c07fdba3b85 .av-special-heading-tag{\nfont-size:34px;\n}\n.av-special-heading.av-36kwjf-bc8e5397e0029357368a2c07fdba3b85 .av-subheading{\nfont-size:15px;\n}\n\n@media only screen and (min-width: 480px) and (max-width: 767px){ \n#top #wrap_all .av-special-heading.av-36kwjf-bc8e5397e0029357368a2c07fdba3b85 .av-special-heading-tag{\nfont-size:0.8em;\n}\n}\n\n@media only screen and (max-width: 479px){ \n#top #wrap_all .av-special-heading.av-36kwjf-bc8e5397e0029357368a2c07fdba3b85 .av-special-heading-tag{\nfont-size:0.8em;\n}\n}\n<\/style>\n<div  class='av-special-heading av-36kwjf-bc8e5397e0029357368a2c07fdba3b85 av-special-heading-h3 blockquote modern-quote  avia-builder-el-9  el_before_av_textblock  avia-builder-el-first  av-inherit-size'><h3 class='av-special-heading-tag'  itemprop=\"headline\"  >How to find us<\/h3><div class=\"special-heading-border\"><div class=\"special-heading-inner-border\"><\/div><\/div><\/div><br \/>\n<section  class='av_textblock_section av-hrf96-1-f17b9332f95f44cb2bfb8aa679f35bf6 '   itemscope=\"itemscope\" itemtype=\"https:\/\/schema.org\/CreativeWork\" ><div class='avia_textblock'  itemprop=\"text\" ><p>Uusm\u00e4e p\u00f5ik 6-12 Saku alevik, Saku vald Harjumaa 75510, Estonia<\/p>\n<\/div><\/section><br \/>\n<\/p><\/div><\/div><\/div><\/div><!-- close content main div --><\/div><\/div><div id='after_section_1'  class='main_color av_default_container_wrap container_wrap sidebar_left'  ><div class='container av-section-cont-open' ><div class='template-page content  av-content-small units'><div class='post-entry post-entry-type-page post-entry-1515'><div class='entry-content-wrapper clearfix'>\n","protected":false},"excerpt":{"rendered":"","protected":false},"author":1,"featured_media":0,"parent":0,"menu_order":0,"comment_status":"closed","ping_status":"closed","template":"","meta":{"footnotes":""},"class_list":["post-1515","page","type-page","status-publish","hentry"],"yoast_head":"<!-- This site is optimized with the Yoast SEO plugin v27.1.1 - https:\/\/yoast.com\/product\/yoast-seo-wordpress\/ -->\n<title>Contact - Technomac O\u00dc<\/title>\n<meta name=\"robots\" content=\"index, follow, max-snippet:-1, max-image-preview:large, max-video-preview:-1\" \/>\n<link rel=\"canonical\" href=\"https:\/\/technomac.ee\/en\/contact\/\" \/>\n<meta property=\"og:locale\" content=\"en_US\" \/>\n<meta property=\"og:type\" content=\"article\" \/>\n<meta property=\"og:title\" content=\"Contact - Technomac O\u00dc\" \/>\n<meta property=\"og:url\" content=\"https:\/\/technomac.ee\/en\/contact\/\" \/>\n<meta property=\"og:site_name\" content=\"Technomac O\u00dc\" \/>\n<meta property=\"article:modified_time\" content=\"2024-10-29T10:27:13+00:00\" \/>\n<meta name=\"twitter:card\" content=\"summary_large_image\" \/>\n<meta name=\"twitter:label1\" content=\"Est. reading time\" \/>\n\t<meta name=\"twitter:data1\" content=\"1 minute\" \/>\n<script type=\"application\/ld+json\" class=\"yoast-schema-graph\">{\"@context\":\"https:\/\/schema.org\",\"@graph\":[{\"@type\":\"WebPage\",\"@id\":\"https:\/\/technomac.ee\/en\/contact\/\",\"url\":\"https:\/\/technomac.ee\/en\/contact\/\",\"name\":\"Contact - Technomac O\u00dc\",\"isPartOf\":{\"@id\":\"https:\/\/technomac.ee\/#website\"},\"datePublished\":\"2016-07-15T14:19:56+00:00\",\"dateModified\":\"2024-10-29T10:27:13+00:00\",\"breadcrumb\":{\"@id\":\"https:\/\/technomac.ee\/en\/contact\/#breadcrumb\"},\"inLanguage\":\"en-US\",\"potentialAction\":[{\"@type\":\"ReadAction\",\"target\":[\"https:\/\/technomac.ee\/en\/contact\/\"]}]},{\"@type\":\"BreadcrumbList\",\"@id\":\"https:\/\/technomac.ee\/en\/contact\/#breadcrumb\",\"itemListElement\":[{\"@type\":\"ListItem\",\"position\":1,\"name\":\"Home\",\"item\":\"https:\/\/technomac.ee\/en\/home\/\"},{\"@type\":\"ListItem\",\"position\":2,\"name\":\"Contact\"}]},{\"@type\":\"WebSite\",\"@id\":\"https:\/\/technomac.ee\/#website\",\"url\":\"https:\/\/technomac.ee\/\",\"name\":\"Technomac O\u00dc\",\"description\":\"Puidu-ja m\u00f6\u00f6blit\u00f6\u00f6stuse seadmed\",\"publisher\":{\"@id\":\"https:\/\/technomac.ee\/#organization\"},\"potentialAction\":[{\"@type\":\"SearchAction\",\"target\":{\"@type\":\"EntryPoint\",\"urlTemplate\":\"https:\/\/technomac.ee\/?s={search_term_string}\"},\"query-input\":{\"@type\":\"PropertyValueSpecification\",\"valueRequired\":true,\"valueName\":\"search_term_string\"}}],\"inLanguage\":\"en-US\"},{\"@type\":\"Organization\",\"@id\":\"https:\/\/technomac.ee\/#organization\",\"name\":\"Technomac O\u00dc\",\"url\":\"https:\/\/technomac.ee\/\",\"logo\":{\"@type\":\"ImageObject\",\"inLanguage\":\"en-US\",\"@id\":\"https:\/\/technomac.ee\/#\/schema\/logo\/image\/\",\"url\":\"https:\/\/technomac.ee\/wp-content\/uploads\/2019\/01\/logo3.png\",\"contentUrl\":\"https:\/\/technomac.ee\/wp-content\/uploads\/2019\/01\/logo3.png\",\"width\":580,\"height\":111,\"caption\":\"Technomac O\u00dc\"},\"image\":{\"@id\":\"https:\/\/technomac.ee\/#\/schema\/logo\/image\/\"}}]}<\/script>\n<!-- \/ Yoast SEO plugin. -->","yoast_head_json":{"title":"Contact - Technomac O\u00dc","robots":{"index":"index","follow":"follow","max-snippet":"max-snippet:-1","max-image-preview":"max-image-preview:large","max-video-preview":"max-video-preview:-1"},"canonical":"https:\/\/technomac.ee\/en\/contact\/","og_locale":"en_US","og_type":"article","og_title":"Contact - Technomac O\u00dc","og_url":"https:\/\/technomac.ee\/en\/contact\/","og_site_name":"Technomac O\u00dc","article_modified_time":"2024-10-29T10:27:13+00:00","twitter_card":"summary_large_image","twitter_misc":{"Est. reading time":"1 minute"},"schema":{"@context":"https:\/\/schema.org","@graph":[{"@type":"WebPage","@id":"https:\/\/technomac.ee\/en\/contact\/","url":"https:\/\/technomac.ee\/en\/contact\/","name":"Contact - Technomac O\u00dc","isPartOf":{"@id":"https:\/\/technomac.ee\/#website"},"datePublished":"2016-07-15T14:19:56+00:00","dateModified":"2024-10-29T10:27:13+00:00","breadcrumb":{"@id":"https:\/\/technomac.ee\/en\/contact\/#breadcrumb"},"inLanguage":"en-US","potentialAction":[{"@type":"ReadAction","target":["https:\/\/technomac.ee\/en\/contact\/"]}]},{"@type":"BreadcrumbList","@id":"https:\/\/technomac.ee\/en\/contact\/#breadcrumb","itemListElement":[{"@type":"ListItem","position":1,"name":"Home","item":"https:\/\/technomac.ee\/en\/home\/"},{"@type":"ListItem","position":2,"name":"Contact"}]},{"@type":"WebSite","@id":"https:\/\/technomac.ee\/#website","url":"https:\/\/technomac.ee\/","name":"Technomac O\u00dc","description":"Puidu-ja m\u00f6\u00f6blit\u00f6\u00f6stuse seadmed","publisher":{"@id":"https:\/\/technomac.ee\/#organization"},"potentialAction":[{"@type":"SearchAction","target":{"@type":"EntryPoint","urlTemplate":"https:\/\/technomac.ee\/?s={search_term_string}"},"query-input":{"@type":"PropertyValueSpecification","valueRequired":true,"valueName":"search_term_string"}}],"inLanguage":"en-US"},{"@type":"Organization","@id":"https:\/\/technomac.ee\/#organization","name":"Technomac O\u00dc","url":"https:\/\/technomac.ee\/","logo":{"@type":"ImageObject","inLanguage":"en-US","@id":"https:\/\/technomac.ee\/#\/schema\/logo\/image\/","url":"https:\/\/technomac.ee\/wp-content\/uploads\/2019\/01\/logo3.png","contentUrl":"https:\/\/technomac.ee\/wp-content\/uploads\/2019\/01\/logo3.png","width":580,"height":111,"caption":"Technomac O\u00dc"},"image":{"@id":"https:\/\/technomac.ee\/#\/schema\/logo\/image\/"}}]}},"_links":{"self":[{"href":"https:\/\/technomac.ee\/en\/wp-json\/wp\/v2\/pages\/1515","targetHints":{"allow":["GET"]}}],"collection":[{"href":"https:\/\/technomac.ee\/en\/wp-json\/wp\/v2\/pages"}],"about":[{"href":"https:\/\/technomac.ee\/en\/wp-json\/wp\/v2\/types\/page"}],"author":[{"embeddable":true,"href":"https:\/\/technomac.ee\/en\/wp-json\/wp\/v2\/users\/1"}],"replies":[{"embeddable":true,"href":"https:\/\/technomac.ee\/en\/wp-json\/wp\/v2\/comments?post=1515"}],"version-history":[{"count":8,"href":"https:\/\/technomac.ee\/en\/wp-json\/wp\/v2\/pages\/1515\/revisions"}],"predecessor-version":[{"id":1727,"href":"https:\/\/technomac.ee\/en\/wp-json\/wp\/v2\/pages\/1515\/revisions\/1727"}],"wp:attachment":[{"href":"https:\/\/technomac.ee\/en\/wp-json\/wp\/v2\/media?parent=1515"}],"curies":[{"name":"wp","href":"https:\/\/api.w.org\/{rel}","templated":true}]}}